{"id":3192,"date":"2021-08-11T13:18:46","date_gmt":"2021-08-11T11:18:46","guid":{"rendered":"https:\/\/dev.tim-gmbh.de\/?page_id=3192"},"modified":"2024-06-07T11:29:53","modified_gmt":"2024-06-07T09:29:53","slug":"smartvap-vt","status":"publish","type":"page","link":"https:\/\/tim-gmbh.de\/en\/smartvap-vt\/","title":{"rendered":"SmartVap vt"},"content":{"rendered":"<div data-elementor-type=\"wp-page\" data-elementor-id=\"3192\" class=\"elementor elementor-3192\" data-elementor-settings=\"[]\">\n\t\t\t\t\t\t\t<div class=\"elementor-section-wrap\">\n\t\t\t\t\t\t\t<section class=\"elementor-section elementor-top-section elementor-element elementor-element-bda5859 elementor-section-height-min-height elementor-section-full_width elementor-section-height-default elementor-section-items-middle\" data-id=\"bda5859\" data-element_type=\"section\" data-settings=\"{&quot;background_background&quot;:&quot;gradient&quot;}\">\n\t\t\t\t\t\t<div class=\"elementor-container elementor-column-gap-no\">\n\t\t\t\t\t<div class=\"elementor-column elementor-col-100 elementor-top-column elementor-element elementor-element-849af90\" data-id=\"849af90\" data-element_type=\"column\">\n\t\t\t<div class=\"elementor-widget-wrap elementor-element-populated\">\n\t\t\t\t\t\t\t\t<section class=\"elementor-section elementor-inner-section elementor-element elementor-element-f5b747a elementor-reverse-mobile elementor-section-boxed elementor-section-height-default elementor-section-height-default\" data-id=\"f5b747a\" data-element_type=\"section\">\n\t\t\t\t\t\t<div class=\"elementor-container elementor-column-gap-no\">\n\t\t\t\t\t<div class=\"elementor-column elementor-col-50 elementor-inner-column elementor-element elementor-element-febe4d5\" data-id=\"febe4d5\" data-element_type=\"column\">\n\t\t\t<div class=\"elementor-widget-wrap elementor-element-populated\">\n\t\t\t\t\t\t\t\t<div class=\"elementor-element elementor-element-3633999 elementor-widget elementor-widget-heading\" data-id=\"3633999\" data-element_type=\"widget\" data-widget_type=\"heading.default\">\n\t\t\t\t<div class=\"elementor-widget-container\">\n\t\t\t<h1 class=\"elementor-heading-title elementor-size-default\">SmartVap\u2122<\/h1>\t\t<\/div>\n\t\t\t\t<\/div>\n\t\t\t\t<div class=\"elementor-element elementor-element-9bdc7a2 elementor-widget elementor-widget-heading\" data-id=\"9bdc7a2\" data-element_type=\"widget\" data-widget_type=\"heading.default\">\n\t\t\t\t<div class=\"elementor-widget-container\">\n\t\t\t<p class=\"elementor-heading-title elementor-size-default\">Virtual Tour<\/p>\t\t<\/div>\n\t\t\t\t<\/div>\n\t\t\t\t\t<\/div>\n\t\t<\/div>\n\t\t\t\t<div class=\"elementor-column elementor-col-50 elementor-inner-column elementor-element elementor-element-20dbb81\" data-id=\"20dbb81\" data-element_type=\"column\">\n\t\t\t<div class=\"elementor-widget-wrap elementor-element-populated\">\n\t\t\t\t\t\t\t\t<div class=\"elementor-element elementor-element-6d804e4 elementor-widget elementor-widget-image\" data-id=\"6d804e4\" data-element_type=\"widget\" data-widget_type=\"image.default\">\n\t\t\t\t<div class=\"elementor-widget-container\">\n\t\t\t\t\t\t\t\t\t\t\t\t\t\t\t<img width=\"300\" height=\"300\" src=\"https:\/\/tim-gmbh.de\/wp-content\/uploads\/2021\/08\/800x800_SV_white-300x300.png\" class=\"attachment-medium size-medium\" alt=\"\" loading=\"lazy\" srcset=\"https:\/\/tim-gmbh.de\/wp-content\/uploads\/2021\/08\/800x800_SV_white-300x300.png 300w, https:\/\/tim-gmbh.de\/wp-content\/uploads\/2021\/08\/800x800_SV_white-150x150.png 150w, https:\/\/tim-gmbh.de\/wp-content\/uploads\/2021\/08\/800x800_SV_white-768x768.png 768w, https:\/\/tim-gmbh.de\/wp-content\/uploads\/2021\/08\/800x800_SV_white-12x12.png 12w, https:\/\/tim-gmbh.de\/wp-content\/uploads\/2021\/08\/800x800_SV_white.png 800w\" sizes=\"(max-width: 300px) 100vw, 300px\" \/>\t\t\t\t\t\t\t\t\t\t\t\t\t\t\t<\/div>\n\t\t\t\t<\/div>\n\t\t\t\t\t<\/div>\n\t\t<\/div>\n\t\t\t\t\t\t\t<\/div>\n\t\t<\/section>\n\t\t\t\t\t<\/div>\n\t\t<\/div>\n\t\t\t\t\t\t\t<\/div>\n\t\t<\/section>\n\t\t\t\t<section class=\"elementor-section elementor-top-section elementor-element elementor-element-d2ccd33 elementor-section-full_width elementor-section-height-default elementor-section-height-default\" data-id=\"d2ccd33\" data-element_type=\"section\" data-settings=\"{&quot;background_background&quot;:&quot;classic&quot;,&quot;sticky&quot;:&quot;top&quot;,&quot;sticky_on&quot;:[&quot;desktop&quot;,&quot;tablet&quot;,&quot;mobile&quot;],&quot;sticky_offset&quot;:0,&quot;sticky_effects_offset&quot;:0}\">\n\t\t\t\t\t\t<div class=\"elementor-container elementor-column-gap-no\">\n\t\t\t\t\t<div class=\"elementor-column elementor-col-100 elementor-top-column elementor-element elementor-element-c3acaee\" data-id=\"c3acaee\" data-element_type=\"column\">\n\t\t\t<div class=\"elementor-widget-wrap elementor-element-populated\">\n\t\t\t\t\t\t\t\t<div class=\"elementor-element elementor-element-d2d6ba6 elementor-widget elementor-widget-shortcode\" data-id=\"d2d6ba6\" data-element_type=\"widget\" data-widget_type=\"shortcode.default\">\n\t\t\t\t<div class=\"elementor-widget-container\">\n\t\t\t\t\t<div class=\"elementor-shortcode\">\t\t<div data-elementor-type=\"wp-post\" data-elementor-id=\"2685\" class=\"elementor elementor-2685\" data-elementor-settings=\"[]\">\n\t\t\t\t\t\t\t<div class=\"elementor-section-wrap\">\n\t\t\t\t\t\t\t<section class=\"elementor-section elementor-top-section elementor-element elementor-element-d7bad0e elementor-section-boxed elementor-section-height-default elementor-section-height-default\" data-id=\"d7bad0e\" data-element_type=\"section\" data-settings=\"{&quot;background_background&quot;:&quot;classic&quot;,&quot;sticky&quot;:&quot;top&quot;,&quot;sticky_on&quot;:[&quot;desktop&quot;,&quot;tablet&quot;,&quot;mobile&quot;],&quot;sticky_offset&quot;:0,&quot;sticky_effects_offset&quot;:0}\">\n\t\t\t\t\t\t<div class=\"elementor-container elementor-column-gap-no\">\n\t\t\t\t\t<div class=\"elementor-column elementor-col-100 elementor-top-column elementor-element elementor-element-5e29d4a\" data-id=\"5e29d4a\" data-element_type=\"column\">\n\t\t\t<div class=\"elementor-widget-wrap elementor-element-populated\">\n\t\t\t\t\t\t\t\t<div class=\"elementor-element elementor-element-d809ad9 elementor-nav-menu__align-justify elementor-nav-menu--dropdown-tablet elementor-nav-menu__text-align-aside elementor-nav-menu--toggle elementor-nav-menu--burger elementor-widget elementor-widget-nav-menu\" data-id=\"d809ad9\" data-element_type=\"widget\" data-settings=\"{&quot;layout&quot;:&quot;horizontal&quot;,&quot;submenu_icon&quot;:{&quot;value&quot;:&quot;&lt;i class=\\&quot;fas fa-caret-down\\&quot;&gt;&lt;\\\/i&gt;&quot;,&quot;library&quot;:&quot;fa-solid&quot;},&quot;toggle&quot;:&quot;burger&quot;}\" data-widget_type=\"nav-menu.default\">\n\t\t\t\t<div class=\"elementor-widget-container\">\n\t\t\t\t\t\t<nav migration_allowed=\"1\" migrated=\"0\" role=\"navigation\" class=\"elementor-nav-menu--main elementor-nav-menu__container elementor-nav-menu--layout-horizontal e--pointer-none\"><ul id=\"menu-1-d809ad9\" class=\"elementor-nav-menu\"><li class=\"menu-item menu-item-type-post_type menu-item-object-page menu-item-2673\"><a href=\"https:\/\/tim-gmbh.de\/en\/smartvap\/\" class=\"elementor-item\">SmartVap\u2122<\/a><\/li>\n<li class=\"menu-item menu-item-type-post_type menu-item-object-page menu-item-2674\"><a href=\"https:\/\/tim-gmbh.de\/en\/smartvap-docs\/\" class=\"elementor-item\">Documents<\/a><\/li>\n<li class=\"menu-item menu-item-type-custom menu-item-object-custom menu-item-2682\"><a href=\"https:\/\/tim-gmbh.de\/en\/smartvap-vt\/\" class=\"elementor-item\">Virtual Tour<\/a><\/li>\n<li class=\"menu-item menu-item-type-custom menu-item-object-custom menu-item-2683\"><a href=\"https:\/\/tim-gmbh.de\/en\/smartvap-360\/\" class=\"elementor-item\">Webrotate<\/a><\/li>\n<li class=\"menu-item menu-item-type-custom menu-item-object-custom menu-item-2684\"><a href=\"mailto:smartvap@tim-gmbh.de?subject=Request%20SmartVap%20\" class=\"elementor-item\">Request<\/a><\/li>\n<\/ul><\/nav>\n\t\t\t\t\t<div class=\"elementor-menu-toggle\" role=\"button\" tabindex=\"0\" aria-label=\"Menu Toggle\" aria-expanded=\"false\">\n\t\t\t<i aria-hidden=\"true\" role=\"presentation\" class=\"eicon-menu-bar\"><\/i>\t\t\t<span class=\"elementor-screen-only\">Menu<\/span>\n\t\t<\/div>\n\t\t\t<nav class=\"elementor-nav-menu--dropdown elementor-nav-menu__container\" role=\"navigation\" aria-hidden=\"true\"><ul id=\"menu-2-d809ad9\" class=\"elementor-nav-menu\"><li class=\"menu-item menu-item-type-post_type menu-item-object-page menu-item-2673\"><a href=\"https:\/\/tim-gmbh.de\/en\/smartvap\/\" class=\"elementor-item\" tabindex=\"-1\">SmartVap\u2122<\/a><\/li>\n<li class=\"menu-item menu-item-type-post_type menu-item-object-page menu-item-2674\"><a href=\"https:\/\/tim-gmbh.de\/en\/smartvap-docs\/\" class=\"elementor-item\" tabindex=\"-1\">Documents<\/a><\/li>\n<li class=\"menu-item menu-item-type-custom menu-item-object-custom menu-item-2682\"><a href=\"https:\/\/tim-gmbh.de\/en\/smartvap-vt\/\" class=\"elementor-item\" tabindex=\"-1\">Virtual Tour<\/a><\/li>\n<li class=\"menu-item menu-item-type-custom menu-item-object-custom menu-item-2683\"><a href=\"https:\/\/tim-gmbh.de\/en\/smartvap-360\/\" class=\"elementor-item\" tabindex=\"-1\">Webrotate<\/a><\/li>\n<li class=\"menu-item menu-item-type-custom menu-item-object-custom menu-item-2684\"><a href=\"mailto:smartvap@tim-gmbh.de?subject=Request%20SmartVap%20\" class=\"elementor-item\" tabindex=\"-1\">Request<\/a><\/li>\n<\/ul><\/nav>\n\t\t\t\t<\/div>\n\t\t\t\t<\/div>\n\t\t\t\t\t<\/div>\n\t\t<\/div>\n\t\t\t\t\t\t\t<\/div>\n\t\t<\/section>\n\t\t\t\t\t\t<\/div>\n\t\t\t\t\t<\/div>\n\t\t<\/div>\n\t\t\t\t<\/div>\n\t\t\t\t<\/div>\n\t\t\t\t\t<\/div>\n\t\t<\/div>\n\t\t\t\t\t\t\t<\/div>\n\t\t<\/section>\n\t\t\t\t<section class=\"elementor-section elementor-top-section elementor-element elementor-element-821e460 elementor-section-boxed elementor-section-height-default elementor-section-height-default\" data-id=\"821e460\" data-element_type=\"section\">\n\t\t\t\t\t\t<div class=\"elementor-container elementor-column-gap-no\">\n\t\t\t\t\t<div class=\"elementor-column elementor-col-100 elementor-top-column elementor-element elementor-element-3d71a3c\" data-id=\"3d71a3c\" data-element_type=\"column\">\n\t\t\t<div class=\"elementor-widget-wrap elementor-element-populated\">\n\t\t\t\t\t\t\t\t<div class=\"elementor-element elementor-element-ba0b779 elementor-hidden-phone elementor-widget elementor-widget-text-editor\" data-id=\"ba0b779\" data-element_type=\"widget\" data-widget_type=\"text-editor.default\">\n\t\t\t\t<div class=\"elementor-widget-container\">\n\t\t\t\t\t\t\t<p>Experience the graphical user interface of the SmartVap\u2122 and play around in operation mode and inside its different menus*.<\/p>\t\t\t\t\t\t<\/div>\n\t\t\t\t<\/div>\n\t\t\t\t<div class=\"elementor-element elementor-element-901b702 elementor-hidden-desktop elementor-hidden-tablet elementor-widget elementor-widget-text-editor\" data-id=\"901b702\" data-element_type=\"widget\" data-widget_type=\"text-editor.default\">\n\t\t\t\t<div class=\"elementor-widget-container\">\n\t\t\t\t\t\t\t<p class=\" translation-block\">Unfortunately, the virtual tour through the graphical user interface cannot be executed with your mobile device.<br>\nTo experience the Graphical User Interface, reopen the page on your computer\/laptop.<\/p>\t\t\t\t\t\t<\/div>\n\t\t\t\t<\/div>\n\t\t\t\t\t<\/div>\n\t\t<\/div>\n\t\t\t\t\t\t\t<\/div>\n\t\t<\/section>\n\t\t\t\t<section class=\"elementor-section elementor-top-section elementor-element elementor-element-dfc2ca4 elementor-hidden-phone elementor-section-boxed elementor-section-height-default elementor-section-height-default\" data-id=\"dfc2ca4\" data-element_type=\"section\">\n\t\t\t\t\t\t<div class=\"elementor-container elementor-column-gap-no\">\n\t\t\t\t\t<div class=\"elementor-column elementor-col-100 elementor-top-column elementor-element elementor-element-9026c48\" data-id=\"9026c48\" data-element_type=\"column\">\n\t\t\t<div class=\"elementor-widget-wrap elementor-element-populated\">\n\t\t\t\t\t\t\t\t<div class=\"elementor-element elementor-element-694a2fb elementor-widget elementor-widget-html\" data-id=\"694a2fb\" data-element_type=\"widget\" data-widget_type=\"html.default\">\n\t\t\t\t<div class=\"elementor-widget-container\">\n\t\t\t<iframe loading=\"lazy\" src=\"https:\/\/virtual.tim-gmbh.de\/gui\/smartvap\/gui_smartvap.html\" height=\"800\" width=\"1024\" sandbox=\"allow-scripts\" \/> <\/iframe>\t\t<\/div>\n\t\t\t\t<\/div>\n\t\t\t\t\t<\/div>\n\t\t<\/div>\n\t\t\t\t\t\t\t<\/div>\n\t\t<\/section>\n\t\t\t\t<section class=\"elementor-section elementor-top-section elementor-element elementor-element-846d6fb elementor-section-boxed elementor-section-height-default elementor-section-height-default\" data-id=\"846d6fb\" data-element_type=\"section\">\n\t\t\t\t\t\t<div class=\"elementor-container elementor-column-gap-no\">\n\t\t\t\t\t<div class=\"elementor-column elementor-col-100 elementor-top-column elementor-element elementor-element-eb15a86\" data-id=\"eb15a86\" data-element_type=\"column\">\n\t\t\t<div class=\"elementor-widget-wrap elementor-element-populated\">\n\t\t\t\t\t\t\t\t<div class=\"elementor-element elementor-element-47a4a65 elementor-hidden-phone elementor-widget elementor-widget-text-editor\" data-id=\"47a4a65\" data-element_type=\"widget\" data-widget_type=\"text-editor.default\">\n\t\t\t\t<div class=\"elementor-widget-container\">\n\t\t\t\t\t\t\t<p>* The functions and operation shown may differ from the current device, as the range of functions and operation is improved with each update.<\/p>\t\t\t\t\t\t<\/div>\n\t\t\t\t<\/div>\n\t\t\t\t\t<\/div>\n\t\t<\/div>\n\t\t\t\t\t\t\t<\/div>\n\t\t<\/section>\n\t\t\t\t\t\t<\/div>\n\t\t\t\t\t<\/div>\n\t\t<script language='javascript' type='text\/javascript'>function getWR360PopupSkin(){return 'light_clean';}<\/script>","protected":false},"excerpt":{"rendered":"<p>SmartVap\u2122 Virtual Tour Erlebe die grafische Benutzeroberfl\u00e4sche des SmartVap\u2122 und teste seinen Betriebsmodus und die verschiedenen Men\u00fcs.* Die virtuelle Tour durch die grafische Benutzeroberfl\u00e4che l\u00e4sst sich leider nicht mit Ihrem mobilen Endger\u00e4t ausf\u00fchren.Um die Grafische Benutzeroberfl\u00e4che zu erleben, \u00f6ffnen Sie die Seite mit Ihrem Computer\/Laptop. * Die dargestellten Funktionen und die Bedienung k\u00f6nnen vom aktuellen [&hellip;]<\/p>","protected":false},"author":2,"featured_media":0,"parent":0,"menu_order":0,"comment_status":"closed","ping_status":"closed","template":"","meta":[],"_links":{"self":[{"href":"https:\/\/tim-gmbh.de\/en\/wp-json\/wp\/v2\/pages\/3192"}],"collection":[{"href":"https:\/\/tim-gmbh.de\/en\/wp-json\/wp\/v2\/pages"}],"about":[{"href":"https:\/\/tim-gmbh.de\/en\/wp-json\/wp\/v2\/types\/page"}],"author":[{"embeddable":true,"href":"https:\/\/tim-gmbh.de\/en\/wp-json\/wp\/v2\/users\/2"}],"replies":[{"embeddable":true,"href":"https:\/\/tim-gmbh.de\/en\/wp-json\/wp\/v2\/comments?post=3192"}],"version-history":[{"count":1,"href":"https:\/\/tim-gmbh.de\/en\/wp-json\/wp\/v2\/pages\/3192\/revisions"}],"predecessor-version":[{"id":4199,"href":"https:\/\/tim-gmbh.de\/en\/wp-json\/wp\/v2\/pages\/3192\/revisions\/4199"}],"wp:attachment":[{"href":"https:\/\/tim-gmbh.de\/en\/wp-json\/wp\/v2\/media?parent=3192"}],"curies":[{"name":"wp","href":"https:\/\/api.w.org\/{rel}","templated":true}]}}