{"id":1146,"date":"2021-08-07T20:07:57","date_gmt":"2021-08-07T18:07:57","guid":{"rendered":"https:\/\/dev.tim-gmbh.de\/?page_id=1146"},"modified":"2024-06-06T10:53:28","modified_gmt":"2024-06-06T08:53:28","slug":"arkon-docs","status":"publish","type":"page","link":"https:\/\/tim-gmbh.de\/en\/arkon-docs\/","title":{"rendered":"Arkon docs"},"content":{"rendered":"<div data-elementor-type=\"wp-page\" data-elementor-id=\"1146\" class=\"elementor elementor-1146\" data-elementor-settings=\"[]\">\n\t\t\t\t\t\t\t<div class=\"elementor-section-wrap\">\n\t\t\t\t\t\t\t<section class=\"elementor-section elementor-top-section elementor-element elementor-element-498b88e elementor-section-height-min-height elementor-section-full_width elementor-section-height-default elementor-section-items-middle\" data-id=\"498b88e\" data-element_type=\"section\" data-settings=\"{&quot;background_background&quot;:&quot;gradient&quot;}\">\n\t\t\t\t\t\t<div class=\"elementor-container elementor-column-gap-no\">\n\t\t\t\t\t<div class=\"elementor-column elementor-col-100 elementor-top-column elementor-element elementor-element-e3a3175\" data-id=\"e3a3175\" data-element_type=\"column\">\n\t\t\t<div class=\"elementor-widget-wrap elementor-element-populated\">\n\t\t\t\t\t\t\t\t<section class=\"elementor-section elementor-inner-section elementor-element elementor-element-2ca757e elementor-reverse-mobile elementor-section-boxed elementor-section-height-default elementor-section-height-default\" data-id=\"2ca757e\" data-element_type=\"section\">\n\t\t\t\t\t\t<div class=\"elementor-container elementor-column-gap-no\">\n\t\t\t\t\t<div class=\"elementor-column elementor-col-50 elementor-inner-column elementor-element elementor-element-156a5ae\" data-id=\"156a5ae\" data-element_type=\"column\">\n\t\t\t<div class=\"elementor-widget-wrap elementor-element-populated\">\n\t\t\t\t\t\t\t\t<div class=\"elementor-element elementor-element-eefb729 elementor-widget elementor-widget-heading\" data-id=\"eefb729\" data-element_type=\"widget\" data-widget_type=\"heading.default\">\n\t\t\t\t<div class=\"elementor-widget-container\">\n\t\t\t<h1 class=\"elementor-heading-title elementor-size-default\">ARKON<\/h1>\t\t<\/div>\n\t\t\t\t<\/div>\n\t\t\t\t<div class=\"elementor-element elementor-element-636ebca elementor-widget elementor-widget-heading\" data-id=\"636ebca\" data-element_type=\"widget\" data-widget_type=\"heading.default\">\n\t\t\t\t<div class=\"elementor-widget-container\">\n\t\t\t<p class=\"elementor-heading-title elementor-size-default\">Documents<\/p>\t\t<\/div>\n\t\t\t\t<\/div>\n\t\t\t\t\t<\/div>\n\t\t<\/div>\n\t\t\t\t<div class=\"elementor-column elementor-col-50 elementor-inner-column elementor-element elementor-element-db1e7d4\" data-id=\"db1e7d4\" data-element_type=\"column\">\n\t\t\t<div class=\"elementor-widget-wrap elementor-element-populated\">\n\t\t\t\t\t\t\t\t<div class=\"elementor-element elementor-element-e60aa85 elementor-widget elementor-widget-image\" data-id=\"e60aa85\" data-element_type=\"widget\" data-widget_type=\"image.default\">\n\t\t\t\t<div class=\"elementor-widget-container\">\n\t\t\t\t\t\t\t\t\t\t\t\t\t\t\t<img width=\"300\" height=\"300\" src=\"https:\/\/tim-gmbh.de\/wp-content\/uploads\/2021\/08\/800x800_ARKON_white-300x300.png\" class=\"attachment-medium size-medium\" alt=\"\" loading=\"lazy\" srcset=\"https:\/\/tim-gmbh.de\/wp-content\/uploads\/2021\/08\/800x800_ARKON_white-300x300.png 300w, https:\/\/tim-gmbh.de\/wp-content\/uploads\/2021\/08\/800x800_ARKON_white-150x150.png 150w, https:\/\/tim-gmbh.de\/wp-content\/uploads\/2021\/08\/800x800_ARKON_white-768x768.png 768w, https:\/\/tim-gmbh.de\/wp-content\/uploads\/2021\/08\/800x800_ARKON_white-12x12.png 12w, https:\/\/tim-gmbh.de\/wp-content\/uploads\/2021\/08\/800x800_ARKON_white.png 800w\" sizes=\"(max-width: 300px) 100vw, 300px\" \/>\t\t\t\t\t\t\t\t\t\t\t\t\t\t\t<\/div>\n\t\t\t\t<\/div>\n\t\t\t\t\t<\/div>\n\t\t<\/div>\n\t\t\t\t\t\t\t<\/div>\n\t\t<\/section>\n\t\t\t\t\t<\/div>\n\t\t<\/div>\n\t\t\t\t\t\t\t<\/div>\n\t\t<\/section>\n\t\t\t\t<section class=\"elementor-section elementor-top-section elementor-element elementor-element-c2dd388 elementor-section-full_width elementor-section-height-default elementor-section-height-default\" data-id=\"c2dd388\" data-element_type=\"section\" data-settings=\"{&quot;background_background&quot;:&quot;classic&quot;,&quot;sticky&quot;:&quot;top&quot;,&quot;sticky_on&quot;:[&quot;desktop&quot;,&quot;tablet&quot;,&quot;mobile&quot;],&quot;sticky_offset&quot;:0,&quot;sticky_effects_offset&quot;:0}\">\n\t\t\t\t\t\t<div class=\"elementor-container elementor-column-gap-no\">\n\t\t\t\t\t<div class=\"elementor-column elementor-col-100 elementor-top-column elementor-element elementor-element-83ff824\" data-id=\"83ff824\" data-element_type=\"column\">\n\t\t\t<div class=\"elementor-widget-wrap elementor-element-populated\">\n\t\t\t\t\t\t\t\t<div class=\"elementor-element elementor-element-8471d5c elementor-widget elementor-widget-shortcode\" data-id=\"8471d5c\" data-element_type=\"widget\" data-widget_type=\"shortcode.default\">\n\t\t\t\t<div class=\"elementor-widget-container\">\n\t\t\t\t\t<div class=\"elementor-shortcode\">\t\t<div data-elementor-type=\"wp-post\" data-elementor-id=\"2647\" class=\"elementor elementor-2647\" data-elementor-settings=\"[]\">\n\t\t\t\t\t\t\t<div class=\"elementor-section-wrap\">\n\t\t\t\t\t\t\t<section class=\"elementor-section elementor-top-section elementor-element elementor-element-9cfd0f8 elementor-section-boxed elementor-section-height-default elementor-section-height-default\" data-id=\"9cfd0f8\" data-element_type=\"section\" data-settings=\"{&quot;background_background&quot;:&quot;classic&quot;,&quot;sticky&quot;:&quot;top&quot;,&quot;sticky_on&quot;:[&quot;desktop&quot;,&quot;tablet&quot;,&quot;mobile&quot;],&quot;sticky_offset&quot;:0,&quot;sticky_effects_offset&quot;:0}\">\n\t\t\t\t\t\t<div class=\"elementor-container elementor-column-gap-no\">\n\t\t\t\t\t<div class=\"elementor-column elementor-col-100 elementor-top-column elementor-element elementor-element-fd5a772\" data-id=\"fd5a772\" data-element_type=\"column\">\n\t\t\t<div class=\"elementor-widget-wrap elementor-element-populated\">\n\t\t\t\t\t\t\t\t<div class=\"elementor-element elementor-element-a7a1b98 elementor-nav-menu__align-justify elementor-nav-menu--dropdown-tablet elementor-nav-menu__text-align-aside elementor-nav-menu--toggle elementor-nav-menu--burger elementor-widget elementor-widget-nav-menu\" data-id=\"a7a1b98\" data-element_type=\"widget\" data-settings=\"{&quot;layout&quot;:&quot;horizontal&quot;,&quot;submenu_icon&quot;:{&quot;value&quot;:&quot;&lt;i class=\\&quot;fas fa-caret-down\\&quot;&gt;&lt;\\\/i&gt;&quot;,&quot;library&quot;:&quot;fa-solid&quot;},&quot;toggle&quot;:&quot;burger&quot;}\" data-widget_type=\"nav-menu.default\">\n\t\t\t\t<div class=\"elementor-widget-container\">\n\t\t\t\t\t\t<nav migration_allowed=\"1\" migrated=\"0\" role=\"navigation\" class=\"elementor-nav-menu--main elementor-nav-menu__container elementor-nav-menu--layout-horizontal e--pointer-none\"><ul id=\"menu-1-a7a1b98\" class=\"elementor-nav-menu\"><li class=\"menu-item menu-item-type-post_type menu-item-object-page menu-item-1145\"><a href=\"https:\/\/tim-gmbh.de\/en\/arkon\/\" class=\"elementor-item\">ARKON<\/a><\/li>\n<li class=\"menu-item menu-item-type-post_type menu-item-object-page menu-item-2551\"><a href=\"https:\/\/tim-gmbh.de\/en\/arkon-docs\/\" class=\"elementor-item\">Documents<\/a><\/li>\n<li class=\"menu-item menu-item-type-custom menu-item-object-custom menu-item-2553\"><a href=\"mailto:sales@tim-gmbh.de\" class=\"elementor-item\">Sales<\/a><\/li>\n<\/ul><\/nav>\n\t\t\t\t\t<div class=\"elementor-menu-toggle\" role=\"button\" tabindex=\"0\" aria-label=\"Menu Toggle\" aria-expanded=\"false\">\n\t\t\t<i aria-hidden=\"true\" role=\"presentation\" class=\"eicon-menu-bar\"><\/i>\t\t\t<span class=\"elementor-screen-only\">Menu<\/span>\n\t\t<\/div>\n\t\t\t<nav class=\"elementor-nav-menu--dropdown elementor-nav-menu__container\" role=\"navigation\" aria-hidden=\"true\"><ul id=\"menu-2-a7a1b98\" class=\"elementor-nav-menu\"><li class=\"menu-item menu-item-type-post_type menu-item-object-page menu-item-1145\"><a href=\"https:\/\/tim-gmbh.de\/en\/arkon\/\" class=\"elementor-item\" tabindex=\"-1\">ARKON<\/a><\/li>\n<li class=\"menu-item menu-item-type-post_type menu-item-object-page menu-item-2551\"><a href=\"https:\/\/tim-gmbh.de\/en\/arkon-docs\/\" class=\"elementor-item\" tabindex=\"-1\">Documents<\/a><\/li>\n<li class=\"menu-item menu-item-type-custom menu-item-object-custom menu-item-2553\"><a href=\"mailto:sales@tim-gmbh.de\" class=\"elementor-item\" tabindex=\"-1\">Sales<\/a><\/li>\n<\/ul><\/nav>\n\t\t\t\t<\/div>\n\t\t\t\t<\/div>\n\t\t\t\t\t<\/div>\n\t\t<\/div>\n\t\t\t\t\t\t\t<\/div>\n\t\t<\/section>\n\t\t\t\t\t\t<\/div>\n\t\t\t\t\t<\/div>\n\t\t<\/div>\n\t\t\t\t<\/div>\n\t\t\t\t<\/div>\n\t\t\t\t\t<\/div>\n\t\t<\/div>\n\t\t\t\t\t\t\t<\/div>\n\t\t<\/section>\n\t\t\t\t<section class=\"elementor-section elementor-top-section elementor-element elementor-element-a4fa527 elementor-section-boxed elementor-section-height-default elementor-section-height-default\" data-id=\"a4fa527\" data-element_type=\"section\">\n\t\t\t\t\t\t<div class=\"elementor-container elementor-column-gap-no\">\n\t\t\t\t\t<div class=\"elementor-column elementor-col-100 elementor-top-column elementor-element elementor-element-0973604\" data-id=\"0973604\" data-element_type=\"column\">\n\t\t\t<div class=\"elementor-widget-wrap elementor-element-populated\">\n\t\t\t\t\t\t\t\t<div class=\"elementor-element elementor-element-22ef788 elementor-widget elementor-widget-heading\" data-id=\"22ef788\" data-element_type=\"widget\" data-widget_type=\"heading.default\">\n\t\t\t\t<div class=\"elementor-widget-container\">\n\t\t\t<h2 class=\"elementor-heading-title elementor-size-default translation-block\">Instructions for use<\/h2>\t\t<\/div>\n\t\t\t\t<\/div>\n\t\t\t\t\t<\/div>\n\t\t<\/div>\n\t\t\t\t\t\t\t<\/div>\n\t\t<\/section>\n\t\t\t\t<section class=\"elementor-section elementor-top-section elementor-element elementor-element-a1bf038 elementor-section-boxed elementor-section-height-default elementor-section-height-default\" data-id=\"a1bf038\" data-element_type=\"section\">\n\t\t\t\t\t\t<div class=\"elementor-container elementor-column-gap-no\">\n\t\t\t\t\t<div class=\"elementor-column elementor-col-100 elementor-top-column elementor-element elementor-element-741187d\" data-id=\"741187d\" data-element_type=\"column\">\n\t\t\t<div class=\"elementor-widget-wrap elementor-element-populated\">\n\t\t\t\t\t\t\t\t<section class=\"elementor-section elementor-inner-section elementor-element elementor-element-15f98c8 elementor-section-boxed elementor-section-height-default elementor-section-height-default\" data-id=\"15f98c8\" data-element_type=\"section\">\n\t\t\t\t\t\t<div class=\"elementor-container elementor-column-gap-no\">\n\t\t\t\t\t<div class=\"elementor-column elementor-col-100 elementor-inner-column elementor-element elementor-element-9b5966a\" data-id=\"9b5966a\" data-element_type=\"column\">\n\t\t\t<div class=\"elementor-widget-wrap elementor-element-populated\">\n\t\t\t\t\t\t\t\t<div class=\"elementor-element elementor-element-c71821e elementor-widget elementor-widget-toggle\" data-id=\"c71821e\" data-element_type=\"widget\" data-widget_type=\"toggle.default\">\n\t\t\t\t<div class=\"elementor-widget-container\">\n\t\t\t\t\t<div class=\"elementor-toggle\" role=\"tablist\">\n\t\t\t\t\t\t\t<div class=\"elementor-toggle-item\">\n\t\t\t\t\t<div id=\"elementor-tab-title-2081\" class=\"elementor-tab-title\" data-tab=\"1\" role=\"tab\" aria-controls=\"elementor-tab-content-2081\" aria-expanded=\"false\">\n\t\t\t\t\t\t\t\t\t\t\t\t<span class=\"elementor-toggle-icon elementor-toggle-icon-right\" aria-hidden=\"true\">\n\t\t\t\t\t\t\t\t\t\t\t\t\t\t\t<span class=\"elementor-toggle-icon-closed\"><i class=\"fas fa-chevron-down\"><\/i><\/span>\n\t\t\t\t\t\t\t\t<span class=\"elementor-toggle-icon-opened\"><i class=\"elementor-toggle-icon-opened fas fa-chevron-up\"><\/i><\/span>\n\t\t\t\t\t\t\t\t\t\t\t\t\t<\/span>\n\t\t\t\t\t\t\t\t\t\t\t\t<a href=\"\" class=\"elementor-toggle-title\">ARKON Data Bridge - Option Philips - SW 1.00.00<\/a>\n\t\t\t\t\t<\/div>\n\n\t\t\t\t\t<div id=\"elementor-tab-content-2081\" class=\"elementor-tab-content elementor-clearfix\" data-tab=\"1\" role=\"tabpanel\" aria-labelledby=\"elementor-tab-title-2081\"><p><strong>Instructions for use<\/strong><\/p><ul><li><a href=\"https:\/\/virtual.tim-gmbh.de\/pdf\/documents\/arkon\/ifus\/AR-PH_IFU_EN.pdf\">English<\/a><\/li><\/ul><hr \/><ul><li><a href=\"https:\/\/virtual.tim-gmbh.de\/pdf\/documents\/arkon\/ifus\/AR-PH_IFU_DE.pdf\" target=\"_blank\" rel=\"noopener\">Deutsch<\/a><\/li><\/ul><p>\u00a0<\/p><p><strong>Quick Start Guide<\/strong><\/p><ul><li><a href=\"https:\/\/virtual.tim-gmbh.de\/pdf\/documents\/arkon\/ifus\/AR-PH_QSG.pdf\" target=\"_blank\" rel=\"noopener\">Deutsch\/English<\/a><\/li><\/ul><\/div>\n\t\t\t\t<\/div>\n\t\t\t\t\t\t\t\t<\/div>\n\t\t\t\t<\/div>\n\t\t\t\t<\/div>\n\t\t\t\t\t<\/div>\n\t\t<\/div>\n\t\t\t\t\t\t\t<\/div>\n\t\t<\/section>\n\t\t\t\t\t<\/div>\n\t\t<\/div>\n\t\t\t\t\t\t\t<\/div>\n\t\t<\/section>\n\t\t\t\t<section class=\"elementor-section elementor-top-section elementor-element elementor-element-75470c3 elementor-section-boxed elementor-section-height-default elementor-section-height-default\" data-id=\"75470c3\" data-element_type=\"section\">\n\t\t\t\t\t\t<div class=\"elementor-container elementor-column-gap-no\">\n\t\t\t\t\t<div class=\"elementor-column elementor-col-100 elementor-top-column elementor-element elementor-element-827acbd\" data-id=\"827acbd\" data-element_type=\"column\">\n\t\t\t<div class=\"elementor-widget-wrap elementor-element-populated\">\n\t\t\t\t\t\t\t\t<div class=\"elementor-element elementor-element-f73cfda elementor-widget elementor-widget-heading\" data-id=\"f73cfda\" data-element_type=\"widget\" data-widget_type=\"heading.default\">\n\t\t\t\t<div class=\"elementor-widget-container\">\n\t\t\t<h2 class=\"elementor-heading-title elementor-size-default\">General Documents<\/h2>\t\t<\/div>\n\t\t\t\t<\/div>\n\t\t\t\t\t<\/div>\n\t\t<\/div>\n\t\t\t\t\t\t\t<\/div>\n\t\t<\/section>\n\t\t\t\t<section class=\"elementor-section elementor-top-section elementor-element elementor-element-f878e79 elementor-section-boxed elementor-section-height-default elementor-section-height-default\" data-id=\"f878e79\" data-element_type=\"section\">\n\t\t\t\t\t\t<div class=\"elementor-container elementor-column-gap-no\">\n\t\t\t\t\t<div class=\"elementor-column elementor-col-100 elementor-top-column elementor-element elementor-element-70719c2\" data-id=\"70719c2\" data-element_type=\"column\">\n\t\t\t<div class=\"elementor-widget-wrap elementor-element-populated\">\n\t\t\t\t\t\t\t\t<section class=\"elementor-section elementor-inner-section elementor-element elementor-element-ef04892 elementor-section-boxed elementor-section-height-default elementor-section-height-default\" data-id=\"ef04892\" data-element_type=\"section\">\n\t\t\t\t\t\t<div class=\"elementor-container elementor-column-gap-no\">\n\t\t\t\t\t<div class=\"elementor-column elementor-col-50 elementor-inner-column elementor-element elementor-element-2e8ac40\" data-id=\"2e8ac40\" data-element_type=\"column\">\n\t\t\t<div class=\"elementor-widget-wrap elementor-element-populated\">\n\t\t\t\t\t\t\t\t<div class=\"elementor-element elementor-element-ab57b96 elementor-widget elementor-widget-toggle\" data-id=\"ab57b96\" data-element_type=\"widget\" data-widget_type=\"toggle.default\">\n\t\t\t\t<div class=\"elementor-widget-container\">\n\t\t\t\t\t<div class=\"elementor-toggle\" role=\"tablist\">\n\t\t\t\t\t\t\t<div class=\"elementor-toggle-item\">\n\t\t\t\t\t<div id=\"elementor-tab-title-1791\" class=\"elementor-tab-title\" data-tab=\"1\" role=\"tab\" aria-controls=\"elementor-tab-content-1791\" aria-expanded=\"false\">\n\t\t\t\t\t\t\t\t\t\t\t\t<span class=\"elementor-toggle-icon elementor-toggle-icon-right\" aria-hidden=\"true\">\n\t\t\t\t\t\t\t\t\t\t\t\t\t\t\t<span class=\"elementor-toggle-icon-closed\"><i class=\"fas fa-chevron-down\"><\/i><\/span>\n\t\t\t\t\t\t\t\t<span class=\"elementor-toggle-icon-opened\"><i class=\"elementor-toggle-icon-opened fas fa-chevron-up\"><\/i><\/span>\n\t\t\t\t\t\t\t\t\t\t\t\t\t<\/span>\n\t\t\t\t\t\t\t\t\t\t\t\t<a href=\"\" class=\"elementor-toggle-title\">Informative<\/a>\n\t\t\t\t\t<\/div>\n\n\t\t\t\t\t<div id=\"elementor-tab-content-1791\" class=\"elementor-tab-content elementor-clearfix\" data-tab=\"1\" role=\"tabpanel\" aria-labelledby=\"elementor-tab-title-1791\"><p><strong>ARKON Flyer<\/strong><\/p><ul><li><a href=\"https:\/\/virtual.tim-gmbh.de\/pdf\/documents\/arkon\/general\/informative\/ARKON-Flyer_DE.pdf\" target=\"_blank\" rel=\"noopener\">Deutsch<\/a><\/li><\/ul><hr \/><ul><li><a href=\"https:\/\/virtual.tim-gmbh.de\/pdf\/documents\/arkon\/general\/informative\/ARKON-Flyer_EN.pdf\" target=\"_blank\" rel=\"noopener\">English<\/a><\/li><\/ul><p><strong>ARKON Connection to iMDsoft \u2013 MetaVision<\/strong><\/p><ul><li><a href=\"https:\/\/virtual.tim-gmbh.de\/pdf\/documents\/arkon\/general\/informative\/ARKON_iMDsoft_MetaVision_DE.pdf\" target=\"_blank\" rel=\"noopener\">Deutsch<\/a><\/li><\/ul><hr \/><ul><li><a href=\"https:\/\/virtual.tim-gmbh.de\/pdf\/documents\/arkon\/general\/informative\/ARKON_iMDsoft_MetaVision_EN.pdf\" target=\"_blank\" rel=\"noopener\">English<\/a><\/li><\/ul><\/div>\n\t\t\t\t<\/div>\n\t\t\t\t\t\t\t\t<\/div>\n\t\t\t\t<\/div>\n\t\t\t\t<\/div>\n\t\t\t\t\t<\/div>\n\t\t<\/div>\n\t\t\t\t<div class=\"elementor-column elementor-col-50 elementor-inner-column elementor-element elementor-element-60ec209\" data-id=\"60ec209\" data-element_type=\"column\">\n\t\t\t<div class=\"elementor-widget-wrap elementor-element-populated\">\n\t\t\t\t\t\t\t\t<div class=\"elementor-element elementor-element-fccd2c3 elementor-widget elementor-widget-toggle\" data-id=\"fccd2c3\" data-element_type=\"widget\" data-widget_type=\"toggle.default\">\n\t\t\t\t<div class=\"elementor-widget-container\">\n\t\t\t\t\t<div class=\"elementor-toggle\" role=\"tablist\">\n\t\t\t\t\t\t\t<div class=\"elementor-toggle-item\">\n\t\t\t\t\t<div id=\"elementor-tab-title-2651\" class=\"elementor-tab-title\" data-tab=\"1\" role=\"tab\" aria-controls=\"elementor-tab-content-2651\" aria-expanded=\"false\">\n\t\t\t\t\t\t\t\t\t\t\t\t<span class=\"elementor-toggle-icon elementor-toggle-icon-right\" aria-hidden=\"true\">\n\t\t\t\t\t\t\t\t\t\t\t\t\t\t\t<span class=\"elementor-toggle-icon-closed\"><i class=\"fas fa-chevron-down\"><\/i><\/span>\n\t\t\t\t\t\t\t\t<span class=\"elementor-toggle-icon-opened\"><i class=\"elementor-toggle-icon-opened fas fa-chevron-up\"><\/i><\/span>\n\t\t\t\t\t\t\t\t\t\t\t\t\t<\/span>\n\t\t\t\t\t\t\t\t\t\t\t\t<a href=\"\" class=\"elementor-toggle-title\">Regulatory<\/a>\n\t\t\t\t\t<\/div>\n\n\t\t\t\t\t<div id=\"elementor-tab-content-2651\" class=\"elementor-tab-content elementor-clearfix\" data-tab=\"1\" role=\"tabpanel\" aria-labelledby=\"elementor-tab-title-2651\"><p><strong>ARKON EC Declaration of Conformity<\/strong><\/p>\n<ul>\n<li><a href=\"https:\/\/virtual.tim-gmbh.de\/pdf\/documents\/arkon\/general\/regulatory\/AR-PH_EC_Declaration-of-Conformitiy.pdf\" target=\"_blank\" rel=\"noopener\">English<\/a><\/li>\n<\/ul>\n<p><strong>ARKON Art. 22 declaration, Patient Monitor Systems<br><\/strong><\/p>\n<ul>\n<li><a href=\"https:\/\/virtual.tim-gmbh.de\/pdf\/documents\/arkon\/general\/regulatory\/ARKON_Art-22MDR_Declaration_Patientenmonitor_DE.pdf\" target=\"_blank\" rel=\"noopener\">Deutsch<\/a><\/li>\n<\/ul>\n<hr>\n<ul>\n<li><a href=\"https:\/\/virtual.tim-gmbh.de\/pdf\/documents\/arkon\/general\/regulatory\/ARKON_Art-22MDR_Declaration_Patientmonitor_EN.pdf\" target=\"_blank\" rel=\"noopener\">English<\/a><\/li>\n<\/ul>\n<p><strong>ARKON, MDR<br><\/strong><\/p>\n<ul>\n<li><a href=\"https:\/\/virtual.tim-gmbh.de\/pdf\/documents\/arkon\/general\/regulatory\/AR_EC_MDR-NO-medical-product_AR-PH\" target=\"_blank\" rel=\"noopener\">English<\/a><\/li>\n<\/ul>\n<p><strong>ARKON Declaration of Compatibility<\/strong><\/p>\n<ul>\n<li><a href=\"https:\/\/virtual.tim-gmbh.de\/pdf\/documents\/arkon\/general\/regulatory\/TIM-MIRUS-ARKON-PH-Notification-of-Compatibility.pdf\" target=\"_blank\" rel=\"noopener\">English<\/a><\/li>\n<\/ul>\n<p><strong>TIM ISO 13485:2021<br><\/strong><\/p>\n<ul>\n<li><a href=\"https:\/\/virtual.tim-gmbh.de\/pdf\/company\/Zertifikat-13485.pdf\" target=\"_blank\" rel=\"noopener\">Deutsch\/English<\/a><\/li>\n<\/ul><\/div>\n\t\t\t\t<\/div>\n\t\t\t\t\t\t\t\t<\/div>\n\t\t\t\t<\/div>\n\t\t\t\t<\/div>\n\t\t\t\t\t<\/div>\n\t\t<\/div>\n\t\t\t\t\t\t\t<\/div>\n\t\t<\/section>\n\t\t\t\t\t<\/div>\n\t\t<\/div>\n\t\t\t\t\t\t\t<\/div>\n\t\t<\/section>\n\t\t\t\t\t\t<\/div>\n\t\t\t\t\t<\/div>\n\t\t<script language='javascript' type='text\/javascript'>function getWR360PopupSkin(){return 'light_clean';}<\/script>","protected":false},"excerpt":{"rendered":"<p>ARKON Dokumente Gebrauchs-Anweisungen ARKON Data Bridge &#8211; Option Philips &#8211; SW 1.00.00 Gebrauchsanweisung English Deutsch \u00a0 Schnellstart-Anleitung Deutsch\/English Allgemeine Dokumente Informativ ARKON Flyer Deutsch English ARKON Verbindung mit iMDsoft \u2013 MetaVision Deutsch English Regulatorisch ARKON CE Konformit\u00e4tserkl\u00e4rung English ARKON Art. 22 Erkl\u00e4rung, Patientenmonitorsysteme Deutsch English ARKON, MDR English Arkon Kompatibilit\u00e4t English TIM ISO 13485:2021 Deutsch\/English<\/p>","protected":false},"author":2,"featured_media":0,"parent":0,"menu_order":0,"comment_status":"closed","ping_status":"closed","template":"","meta":[],"_links":{"self":[{"href":"https:\/\/tim-gmbh.de\/en\/wp-json\/wp\/v2\/pages\/1146"}],"collection":[{"href":"https:\/\/tim-gmbh.de\/en\/wp-json\/wp\/v2\/pages"}],"about":[{"href":"https:\/\/tim-gmbh.de\/en\/wp-json\/wp\/v2\/types\/page"}],"author":[{"embeddable":true,"href":"https:\/\/tim-gmbh.de\/en\/wp-json\/wp\/v2\/users\/2"}],"replies":[{"embeddable":true,"href":"https:\/\/tim-gmbh.de\/en\/wp-json\/wp\/v2\/comments?post=1146"}],"version-history":[{"count":1,"href":"https:\/\/tim-gmbh.de\/en\/wp-json\/wp\/v2\/pages\/1146\/revisions"}],"predecessor-version":[{"id":4173,"href":"https:\/\/tim-gmbh.de\/en\/wp-json\/wp\/v2\/pages\/1146\/revisions\/4173"}],"wp:attachment":[{"href":"https:\/\/tim-gmbh.de\/en\/wp-json\/wp\/v2\/media?parent=1146"}],"curies":[{"name":"wp","href":"https:\/\/api.w.org\/{rel}","templated":true}]}}