{"id":1029,"date":"2021-08-07T17:03:17","date_gmt":"2021-08-07T15:03:17","guid":{"rendered":"https:\/\/dev.tim-gmbh.de\/?page_id=1029"},"modified":"2024-06-06T10:52:39","modified_gmt":"2024-06-06T08:52:39","slug":"bottle-adapter-docs","status":"publish","type":"page","link":"https:\/\/tim-gmbh.de\/en\/bottle-adapter-docs\/","title":{"rendered":"Bottle Adapter Docs"},"content":{"rendered":"<div data-elementor-type=\"wp-page\" data-elementor-id=\"1029\" class=\"elementor elementor-1029\" data-elementor-settings=\"[]\">\n\t\t\t\t\t\t\t<div class=\"elementor-section-wrap\">\n\t\t\t\t\t\t\t<section class=\"elementor-section elementor-top-section elementor-element elementor-element-74f1840 elementor-section-height-min-height elementor-section-full_width elementor-section-height-default elementor-section-items-middle\" data-id=\"74f1840\" data-element_type=\"section\" data-settings=\"{&quot;background_background&quot;:&quot;gradient&quot;}\">\n\t\t\t\t\t\t<div class=\"elementor-container elementor-column-gap-no\">\n\t\t\t\t\t<div class=\"elementor-column elementor-col-100 elementor-top-column elementor-element elementor-element-64e9b8a\" data-id=\"64e9b8a\" data-element_type=\"column\">\n\t\t\t<div class=\"elementor-widget-wrap elementor-element-populated\">\n\t\t\t\t\t\t\t\t<section class=\"elementor-section elementor-inner-section elementor-element elementor-element-ee47b68 elementor-reverse-mobile elementor-section-boxed elementor-section-height-default elementor-section-height-default\" data-id=\"ee47b68\" data-element_type=\"section\">\n\t\t\t\t\t\t<div class=\"elementor-container elementor-column-gap-no\">\n\t\t\t\t\t<div class=\"elementor-column elementor-col-50 elementor-inner-column elementor-element elementor-element-da7634b\" data-id=\"da7634b\" data-element_type=\"column\">\n\t\t\t<div class=\"elementor-widget-wrap elementor-element-populated\">\n\t\t\t\t\t\t\t\t<div class=\"elementor-element elementor-element-b1195fb elementor-widget elementor-widget-heading\" data-id=\"b1195fb\" data-element_type=\"widget\" data-widget_type=\"heading.default\">\n\t\t\t\t<div class=\"elementor-widget-container\">\n\t\t\t<h1 class=\"elementor-heading-title elementor-size-default\">Bottle Adapter<\/h1>\t\t<\/div>\n\t\t\t\t<\/div>\n\t\t\t\t<div class=\"elementor-element elementor-element-f5c50eb elementor-widget elementor-widget-heading\" data-id=\"f5c50eb\" data-element_type=\"widget\" data-widget_type=\"heading.default\">\n\t\t\t\t<div class=\"elementor-widget-container\">\n\t\t\t<p class=\"elementor-heading-title elementor-size-default\">Documents<\/p>\t\t<\/div>\n\t\t\t\t<\/div>\n\t\t\t\t\t<\/div>\n\t\t<\/div>\n\t\t\t\t<div class=\"elementor-column elementor-col-50 elementor-inner-column elementor-element elementor-element-5fc7647\" data-id=\"5fc7647\" data-element_type=\"column\">\n\t\t\t<div class=\"elementor-widget-wrap elementor-element-populated\">\n\t\t\t\t\t\t\t\t<div class=\"elementor-element elementor-element-4f3e54a elementor-widget elementor-widget-image\" data-id=\"4f3e54a\" data-element_type=\"widget\" data-widget_type=\"image.default\">\n\t\t\t\t<div class=\"elementor-widget-container\">\n\t\t\t\t\t\t\t\t\t\t\t\t\t\t\t<img width=\"300\" height=\"300\" src=\"https:\/\/tim-gmbh.de\/wp-content\/uploads\/2021\/08\/800x800_BA_white-300x300.png\" class=\"attachment-medium size-medium\" alt=\"\" loading=\"lazy\" srcset=\"https:\/\/tim-gmbh.de\/wp-content\/uploads\/2021\/08\/800x800_BA_white-300x300.png 300w, https:\/\/tim-gmbh.de\/wp-content\/uploads\/2021\/08\/800x800_BA_white-150x150.png 150w, https:\/\/tim-gmbh.de\/wp-content\/uploads\/2021\/08\/800x800_BA_white-768x768.png 768w, https:\/\/tim-gmbh.de\/wp-content\/uploads\/2021\/08\/800x800_BA_white-12x12.png 12w, https:\/\/tim-gmbh.de\/wp-content\/uploads\/2021\/08\/800x800_BA_white.png 800w\" sizes=\"(max-width: 300px) 100vw, 300px\" \/>\t\t\t\t\t\t\t\t\t\t\t\t\t\t\t<\/div>\n\t\t\t\t<\/div>\n\t\t\t\t\t<\/div>\n\t\t<\/div>\n\t\t\t\t\t\t\t<\/div>\n\t\t<\/section>\n\t\t\t\t\t<\/div>\n\t\t<\/div>\n\t\t\t\t\t\t\t<\/div>\n\t\t<\/section>\n\t\t\t\t<section class=\"elementor-section elementor-top-section elementor-element elementor-element-46fc00c elementor-section-full_width elementor-section-height-default elementor-section-height-default\" data-id=\"46fc00c\" data-element_type=\"section\" data-settings=\"{&quot;background_background&quot;:&quot;classic&quot;,&quot;sticky&quot;:&quot;top&quot;,&quot;sticky_on&quot;:[&quot;desktop&quot;,&quot;tablet&quot;,&quot;mobile&quot;],&quot;sticky_offset&quot;:0,&quot;sticky_effects_offset&quot;:0}\">\n\t\t\t\t\t\t<div class=\"elementor-container elementor-column-gap-no\">\n\t\t\t\t\t<div class=\"elementor-column elementor-col-100 elementor-top-column elementor-element elementor-element-ef9486a\" data-id=\"ef9486a\" data-element_type=\"column\">\n\t\t\t<div class=\"elementor-widget-wrap elementor-element-populated\">\n\t\t\t\t\t\t\t\t<div class=\"elementor-element elementor-element-4802776 elementor-widget elementor-widget-shortcode\" data-id=\"4802776\" data-element_type=\"widget\" data-widget_type=\"shortcode.default\">\n\t\t\t\t<div class=\"elementor-widget-container\">\n\t\t\t\t\t<div class=\"elementor-shortcode\">\t\t<div data-elementor-type=\"wp-post\" data-elementor-id=\"2657\" class=\"elementor elementor-2657\" data-elementor-settings=\"[]\">\n\t\t\t\t\t\t\t<div class=\"elementor-section-wrap\">\n\t\t\t\t\t\t\t<section class=\"elementor-section elementor-top-section elementor-element elementor-element-effff90 elementor-section-boxed elementor-section-height-default elementor-section-height-default\" data-id=\"effff90\" data-element_type=\"section\" data-settings=\"{&quot;background_background&quot;:&quot;classic&quot;,&quot;sticky&quot;:&quot;top&quot;,&quot;sticky_on&quot;:[&quot;desktop&quot;,&quot;tablet&quot;,&quot;mobile&quot;],&quot;sticky_offset&quot;:0,&quot;sticky_effects_offset&quot;:0}\">\n\t\t\t\t\t\t<div class=\"elementor-container elementor-column-gap-no\">\n\t\t\t\t\t<div class=\"elementor-column elementor-col-100 elementor-top-column elementor-element elementor-element-ee2a437\" data-id=\"ee2a437\" data-element_type=\"column\">\n\t\t\t<div class=\"elementor-widget-wrap elementor-element-populated\">\n\t\t\t\t\t\t\t\t<div class=\"elementor-element elementor-element-6284dc5 elementor-nav-menu__align-justify elementor-nav-menu--dropdown-tablet elementor-nav-menu__text-align-aside elementor-nav-menu--toggle elementor-nav-menu--burger elementor-widget elementor-widget-nav-menu\" data-id=\"6284dc5\" data-element_type=\"widget\" data-settings=\"{&quot;layout&quot;:&quot;horizontal&quot;,&quot;submenu_icon&quot;:{&quot;value&quot;:&quot;&lt;i class=\\&quot;fas fa-caret-down\\&quot;&gt;&lt;\\\/i&gt;&quot;,&quot;library&quot;:&quot;fa-solid&quot;},&quot;toggle&quot;:&quot;burger&quot;}\" data-widget_type=\"nav-menu.default\">\n\t\t\t\t<div class=\"elementor-widget-container\">\n\t\t\t\t\t\t<nav migration_allowed=\"1\" migrated=\"0\" role=\"navigation\" class=\"elementor-nav-menu--main elementor-nav-menu__container elementor-nav-menu--layout-horizontal e--pointer-none\"><ul id=\"menu-1-6284dc5\" class=\"elementor-nav-menu\"><li class=\"menu-item menu-item-type-post_type menu-item-object-page menu-item-1144\"><a href=\"https:\/\/tim-gmbh.de\/en\/bottle-adapter\/\" class=\"elementor-item\">Bottle Adapter<\/a><\/li>\n<li class=\"menu-item menu-item-type-post_type menu-item-object-page menu-item-1143\"><a href=\"https:\/\/tim-gmbh.de\/en\/bottle-adapter-docs\/\" class=\"elementor-item\">Documents<\/a><\/li>\n<li class=\"menu-item menu-item-type-custom menu-item-object-custom menu-item-2564\"><a href=\"mailto:sales@tim-gmbh.de\" class=\"elementor-item\">Sales<\/a><\/li>\n<\/ul><\/nav>\n\t\t\t\t\t<div class=\"elementor-menu-toggle\" role=\"button\" tabindex=\"0\" aria-label=\"Menu Toggle\" aria-expanded=\"false\">\n\t\t\t<i aria-hidden=\"true\" role=\"presentation\" class=\"eicon-menu-bar\"><\/i>\t\t\t<span class=\"elementor-screen-only\">Menu<\/span>\n\t\t<\/div>\n\t\t\t<nav class=\"elementor-nav-menu--dropdown elementor-nav-menu__container\" role=\"navigation\" aria-hidden=\"true\"><ul id=\"menu-2-6284dc5\" class=\"elementor-nav-menu\"><li class=\"menu-item menu-item-type-post_type menu-item-object-page menu-item-1144\"><a href=\"https:\/\/tim-gmbh.de\/en\/bottle-adapter\/\" class=\"elementor-item\" tabindex=\"-1\">Bottle Adapter<\/a><\/li>\n<li class=\"menu-item menu-item-type-post_type menu-item-object-page menu-item-1143\"><a href=\"https:\/\/tim-gmbh.de\/en\/bottle-adapter-docs\/\" class=\"elementor-item\" tabindex=\"-1\">Documents<\/a><\/li>\n<li class=\"menu-item menu-item-type-custom menu-item-object-custom menu-item-2564\"><a href=\"mailto:sales@tim-gmbh.de\" class=\"elementor-item\" tabindex=\"-1\">Sales<\/a><\/li>\n<\/ul><\/nav>\n\t\t\t\t<\/div>\n\t\t\t\t<\/div>\n\t\t\t\t\t<\/div>\n\t\t<\/div>\n\t\t\t\t\t\t\t<\/div>\n\t\t<\/section>\n\t\t\t\t\t\t<\/div>\n\t\t\t\t\t<\/div>\n\t\t<\/div>\n\t\t\t\t<\/div>\n\t\t\t\t<\/div>\n\t\t\t\t\t<\/div>\n\t\t<\/div>\n\t\t\t\t\t\t\t<\/div>\n\t\t<\/section>\n\t\t\t\t<section class=\"elementor-section elementor-top-section elementor-element elementor-element-6ab8dd4 elementor-section-boxed elementor-section-height-default elementor-section-height-default\" data-id=\"6ab8dd4\" data-element_type=\"section\">\n\t\t\t\t\t\t<div class=\"elementor-container elementor-column-gap-no\">\n\t\t\t\t\t<div class=\"elementor-column elementor-col-100 elementor-top-column elementor-element elementor-element-0c94ee7\" data-id=\"0c94ee7\" data-element_type=\"column\">\n\t\t\t<div class=\"elementor-widget-wrap elementor-element-populated\">\n\t\t\t\t\t\t\t\t<div class=\"elementor-element elementor-element-fa0ff06 elementor-widget elementor-widget-heading\" data-id=\"fa0ff06\" data-element_type=\"widget\" data-widget_type=\"heading.default\">\n\t\t\t\t<div class=\"elementor-widget-container\">\n\t\t\t<h2 class=\"elementor-heading-title elementor-size-default translation-block\">Instructions for use<\/h2>\t\t<\/div>\n\t\t\t\t<\/div>\n\t\t\t\t\t<\/div>\n\t\t<\/div>\n\t\t\t\t\t\t\t<\/div>\n\t\t<\/section>\n\t\t\t\t<section class=\"elementor-section elementor-top-section elementor-element elementor-element-a458ccf elementor-section-boxed elementor-section-height-default elementor-section-height-default\" data-id=\"a458ccf\" data-element_type=\"section\">\n\t\t\t\t\t\t<div class=\"elementor-container elementor-column-gap-no\">\n\t\t\t\t\t<div class=\"elementor-column elementor-col-100 elementor-top-column elementor-element elementor-element-3443aae\" data-id=\"3443aae\" data-element_type=\"column\">\n\t\t\t<div class=\"elementor-widget-wrap elementor-element-populated\">\n\t\t\t\t\t\t\t\t<section class=\"elementor-section elementor-inner-section elementor-element elementor-element-0c10974 elementor-section-boxed elementor-section-height-default elementor-section-height-default\" data-id=\"0c10974\" data-element_type=\"section\">\n\t\t\t\t\t\t<div class=\"elementor-container elementor-column-gap-no\">\n\t\t\t\t\t<div class=\"elementor-column elementor-col-100 elementor-inner-column elementor-element elementor-element-5a7e3f2\" data-id=\"5a7e3f2\" data-element_type=\"column\">\n\t\t\t<div class=\"elementor-widget-wrap elementor-element-populated\">\n\t\t\t\t\t\t\t\t<div class=\"elementor-element elementor-element-ee6f1b6 elementor-widget elementor-widget-toggle\" data-id=\"ee6f1b6\" data-element_type=\"widget\" data-widget_type=\"toggle.default\">\n\t\t\t\t<div class=\"elementor-widget-container\">\n\t\t\t\t\t<div class=\"elementor-toggle\" role=\"tablist\">\n\t\t\t\t\t\t\t<div class=\"elementor-toggle-item\">\n\t\t\t\t\t<div id=\"elementor-tab-title-2501\" class=\"elementor-tab-title\" data-tab=\"1\" role=\"tab\" aria-controls=\"elementor-tab-content-2501\" aria-expanded=\"false\">\n\t\t\t\t\t\t\t\t\t\t\t\t<span class=\"elementor-toggle-icon elementor-toggle-icon-right\" aria-hidden=\"true\">\n\t\t\t\t\t\t\t\t\t\t\t\t\t\t\t<span class=\"elementor-toggle-icon-closed\"><i class=\"fas fa-chevron-down\"><\/i><\/span>\n\t\t\t\t\t\t\t\t<span class=\"elementor-toggle-icon-opened\"><i class=\"elementor-toggle-icon-opened fas fa-chevron-up\"><\/i><\/span>\n\t\t\t\t\t\t\t\t\t\t\t\t\t<\/span>\n\t\t\t\t\t\t\t\t\t\t\t\t<a href=\"\" class=\"elementor-toggle-title\">Bottle Adapter Filling System MIRUS<\/a>\n\t\t\t\t\t<\/div>\n\n\t\t\t\t\t<div id=\"elementor-tab-content-2501\" class=\"elementor-tab-content elementor-clearfix\" data-tab=\"1\" role=\"tabpanel\" aria-labelledby=\"elementor-tab-title-2501\"><ul><li><a href=\"https:\/\/virtual.tim-gmbh.de\/pdf\/documents\/BA\/ifus\/MC-Bottle-Adapter-Step-by-Step.pdf\" target=\"_blank\" rel=\"noopener\">Multi lingual \u2013 Bottle Adapter: Step-by-step MIRUS Filling instruction<\/a><\/li><\/ul><\/div>\n\t\t\t\t<\/div>\n\t\t\t\t\t\t\t\t<\/div>\n\t\t\t\t<\/div>\n\t\t\t\t<\/div>\n\t\t\t\t\t<\/div>\n\t\t<\/div>\n\t\t\t\t\t\t\t<\/div>\n\t\t<\/section>\n\t\t\t\t\t<\/div>\n\t\t<\/div>\n\t\t\t\t\t\t\t<\/div>\n\t\t<\/section>\n\t\t\t\t<section class=\"elementor-section elementor-top-section elementor-element elementor-element-ede883d elementor-section-boxed elementor-section-height-default elementor-section-height-default\" data-id=\"ede883d\" data-element_type=\"section\">\n\t\t\t\t\t\t<div class=\"elementor-container elementor-column-gap-no\">\n\t\t\t\t\t<div class=\"elementor-column elementor-col-100 elementor-top-column elementor-element elementor-element-d4ad958\" data-id=\"d4ad958\" data-element_type=\"column\">\n\t\t\t<div class=\"elementor-widget-wrap elementor-element-populated\">\n\t\t\t\t\t\t\t\t<div class=\"elementor-element elementor-element-9a30b05 elementor-widget elementor-widget-heading\" data-id=\"9a30b05\" data-element_type=\"widget\" data-widget_type=\"heading.default\">\n\t\t\t\t<div class=\"elementor-widget-container\">\n\t\t\t<h2 class=\"elementor-heading-title elementor-size-default\">General Documents<\/h2>\t\t<\/div>\n\t\t\t\t<\/div>\n\t\t\t\t\t<\/div>\n\t\t<\/div>\n\t\t\t\t\t\t\t<\/div>\n\t\t<\/section>\n\t\t\t\t<section class=\"elementor-section elementor-top-section elementor-element elementor-element-b8f4e97 elementor-section-boxed elementor-section-height-default elementor-section-height-default\" data-id=\"b8f4e97\" data-element_type=\"section\">\n\t\t\t\t\t\t<div class=\"elementor-container elementor-column-gap-no\">\n\t\t\t\t\t<div class=\"elementor-column elementor-col-100 elementor-top-column elementor-element elementor-element-77355d7\" data-id=\"77355d7\" data-element_type=\"column\">\n\t\t\t<div class=\"elementor-widget-wrap elementor-element-populated\">\n\t\t\t\t\t\t\t\t<section class=\"elementor-section elementor-inner-section elementor-element elementor-element-fdd7865 elementor-section-boxed elementor-section-height-default elementor-section-height-default\" data-id=\"fdd7865\" data-element_type=\"section\">\n\t\t\t\t\t\t<div class=\"elementor-container elementor-column-gap-no\">\n\t\t\t\t\t<div class=\"elementor-column elementor-col-50 elementor-inner-column elementor-element elementor-element-c5428db\" data-id=\"c5428db\" data-element_type=\"column\">\n\t\t\t<div class=\"elementor-widget-wrap elementor-element-populated\">\n\t\t\t\t\t\t\t\t<div class=\"elementor-element elementor-element-f7685e1 elementor-widget elementor-widget-toggle\" data-id=\"f7685e1\" data-element_type=\"widget\" data-widget_type=\"toggle.default\">\n\t\t\t\t<div class=\"elementor-widget-container\">\n\t\t\t\t\t<div class=\"elementor-toggle\" role=\"tablist\">\n\t\t\t\t\t\t\t<div class=\"elementor-toggle-item\">\n\t\t\t\t\t<div id=\"elementor-tab-title-2591\" class=\"elementor-tab-title\" data-tab=\"1\" role=\"tab\" aria-controls=\"elementor-tab-content-2591\" aria-expanded=\"false\">\n\t\t\t\t\t\t\t\t\t\t\t\t<span class=\"elementor-toggle-icon elementor-toggle-icon-right\" aria-hidden=\"true\">\n\t\t\t\t\t\t\t\t\t\t\t\t\t\t\t<span class=\"elementor-toggle-icon-closed\"><i class=\"fas fa-chevron-down\"><\/i><\/span>\n\t\t\t\t\t\t\t\t<span class=\"elementor-toggle-icon-opened\"><i class=\"elementor-toggle-icon-opened fas fa-chevron-up\"><\/i><\/span>\n\t\t\t\t\t\t\t\t\t\t\t\t\t<\/span>\n\t\t\t\t\t\t\t\t\t\t\t\t<a href=\"\" class=\"elementor-toggle-title\">Informative<\/a>\n\t\t\t\t\t<\/div>\n\n\t\t\t\t\t<div id=\"elementor-tab-content-2591\" class=\"elementor-tab-content elementor-clearfix\" data-tab=\"1\" role=\"tabpanel\" aria-labelledby=\"elementor-tab-title-2591\"><p><strong>Bottle Adapter technical specifications<\/strong><\/p><ul><li><a href=\"https:\/\/virtual.tim-gmbh.de\/pdf\/documents\/BA\/general\/informative\/BA_Technical-Specifications_EN.pdf\" target=\"_blank\" rel=\"noopener\">English<\/a><\/li><\/ul><\/div>\n\t\t\t\t<\/div>\n\t\t\t\t\t\t\t\t<\/div>\n\t\t\t\t<\/div>\n\t\t\t\t<\/div>\n\t\t\t\t\t<\/div>\n\t\t<\/div>\n\t\t\t\t<div class=\"elementor-column elementor-col-50 elementor-inner-column elementor-element elementor-element-55c384b\" data-id=\"55c384b\" data-element_type=\"column\">\n\t\t\t<div class=\"elementor-widget-wrap elementor-element-populated\">\n\t\t\t\t\t\t\t\t<div class=\"elementor-element elementor-element-55a4c52 elementor-widget elementor-widget-toggle\" data-id=\"55a4c52\" data-element_type=\"widget\" data-widget_type=\"toggle.default\">\n\t\t\t\t<div class=\"elementor-widget-container\">\n\t\t\t\t\t<div class=\"elementor-toggle\" role=\"tablist\">\n\t\t\t\t\t\t\t<div class=\"elementor-toggle-item\">\n\t\t\t\t\t<div id=\"elementor-tab-title-8981\" class=\"elementor-tab-title\" data-tab=\"1\" role=\"tab\" aria-controls=\"elementor-tab-content-8981\" aria-expanded=\"false\">\n\t\t\t\t\t\t\t\t\t\t\t\t<span class=\"elementor-toggle-icon elementor-toggle-icon-right\" aria-hidden=\"true\">\n\t\t\t\t\t\t\t\t\t\t\t\t\t\t\t<span class=\"elementor-toggle-icon-closed\"><i class=\"fas fa-chevron-down\"><\/i><\/span>\n\t\t\t\t\t\t\t\t<span class=\"elementor-toggle-icon-opened\"><i class=\"elementor-toggle-icon-opened fas fa-chevron-up\"><\/i><\/span>\n\t\t\t\t\t\t\t\t\t\t\t\t\t<\/span>\n\t\t\t\t\t\t\t\t\t\t\t\t<a href=\"\" class=\"elementor-toggle-title\">Regulatory<\/a>\n\t\t\t\t\t<\/div>\n\n\t\t\t\t\t<div id=\"elementor-tab-content-8981\" class=\"elementor-tab-content elementor-clearfix\" data-tab=\"1\" role=\"tabpanel\" aria-labelledby=\"elementor-tab-title-8981\"><p><strong>Bottle Adapter declaration of Conformity<br><\/strong><\/p>\n<ul>\n<li><a href=\"https:\/\/virtual.tim-gmbh.de\/pdf\/documents\/BA\/general\/regulatory\/BA_EC_Declaration-of-Conformitiy.pdf\" target=\"_blank\" rel=\"noopener\">English<\/a><\/li>\n<\/ul>\n<p><strong>Bottle Adapter, MDR&nbsp;<\/strong><\/p>\n<ul>\n<li><a href=\"https:\/\/virtual.tim-gmbh.de\/pdf\/documents\/BA\/general\/regulatory\/BA_EC_MDR-NO-medical-product.pdf\" target=\"_blank\" rel=\"noopener\">English<\/a><\/li>\n<\/ul>\n<p><strong>Bottle Adapter, Art. 22 declaration<br><\/strong><\/p>\n<ul>\n<li><a href=\"https:\/\/virtual.tim-gmbh.de\/pdf\/documents\/BA\/general\/regulatory\/BA_Art-22MDR_Declaration_DE.pdf\" target=\"_blank\" rel=\"noopener\">Deutsch<\/a><\/li>\n<\/ul>\n<hr>\n<ul>\n<li><a href=\"https:\/\/virtual.tim-gmbh.de\/pdf\/documents\/BA\/general\/regulatory\/BA_Art-22MDR_Declaration_EN.pdf\" target=\"_blank\" rel=\"noopener\">English<\/a><\/li>\n<\/ul>\n<p><strong>Compatibility list pharmaceutical manufacturers<\/strong><\/p>\n<ul>\n<li><a href=\"https:\/\/virtual.tim-gmbh.de\/pdf\/documents\/MIRUS\/general\/regulatory\/BA_Kompatibilit%C3%A4tsliste-pharmazeutische-Hersteller%20_DE.pdf\" target=\"_blank\" rel=\"noopener\">Deutsch<\/a><\/li>\n<\/ul>\n<hr>\n<ul>\n<li><a href=\"https:\/\/virtual.tim-gmbh.de\/pdf\/documents\/MIRUS\/general\/regulatory\/BA_Compatibility-list-of-pharmaceutical-manufacturers_EN.pdf\" target=\"_blank\" rel=\"noopener\">English<\/a><\/li>\n<\/ul>\n<p><strong>TIM ISO 13485:2021<br><\/strong><\/p>\n<ul>\n<li><a href=\"https:\/\/virtual.tim-gmbh.de\/pdf\/company\/Zertifikat-13485.pdf\" target=\"_blank\" rel=\"noopener\">Deutsch\/English<\/a><\/li>\n<\/ul><\/div>\n\t\t\t\t<\/div>\n\t\t\t\t\t\t\t\t<\/div>\n\t\t\t\t<\/div>\n\t\t\t\t<\/div>\n\t\t\t\t\t<\/div>\n\t\t<\/div>\n\t\t\t\t\t\t\t<\/div>\n\t\t<\/section>\n\t\t\t\t\t<\/div>\n\t\t<\/div>\n\t\t\t\t\t\t\t<\/div>\n\t\t<\/section>\n\t\t\t\t\t\t<\/div>\n\t\t\t\t\t<\/div>\n\t\t<script language='javascript' type='text\/javascript'>function getWR360PopupSkin(){return 'light_clean';}<\/script>","protected":false},"excerpt":{"rendered":"<p>Bottle Adapter Dokumente Gebrauchs-Anweisungen Bottle Adapter F\u00fcllsystem MIRUS Multi lingual \u2013 Bottle Adapter: Schritt-f\u00fcr-Schritt-Anleitung MIRUS bef\u00fcllen Allgemeine Dokumente Informativ Bottle Adapter Technische Spezifikationen English Regulatorisch Bottle Adapter Konformit\u00e4tserkl\u00e4rung English Bottle Adapter, MDR&nbsp; English Bottle Adapter, Art. 22 Erkl\u00e4rung Deutsch English Kompatibilit\u00e4tsliste pharmazeutische Hersteller Deutsch English TIM ISO 13485:2021 Deutsch\/English<\/p>","protected":false},"author":2,"featured_media":0,"parent":0,"menu_order":0,"comment_status":"closed","ping_status":"closed","template":"","meta":[],"_links":{"self":[{"href":"https:\/\/tim-gmbh.de\/en\/wp-json\/wp\/v2\/pages\/1029"}],"collection":[{"href":"https:\/\/tim-gmbh.de\/en\/wp-json\/wp\/v2\/pages"}],"about":[{"href":"https:\/\/tim-gmbh.de\/en\/wp-json\/wp\/v2\/types\/page"}],"author":[{"embeddable":true,"href":"https:\/\/tim-gmbh.de\/en\/wp-json\/wp\/v2\/users\/2"}],"replies":[{"embeddable":true,"href":"https:\/\/tim-gmbh.de\/en\/wp-json\/wp\/v2\/comments?post=1029"}],"version-history":[{"count":1,"href":"https:\/\/tim-gmbh.de\/en\/wp-json\/wp\/v2\/pages\/1029\/revisions"}],"predecessor-version":[{"id":4170,"href":"https:\/\/tim-gmbh.de\/en\/wp-json\/wp\/v2\/pages\/1029\/revisions\/4170"}],"wp:attachment":[{"href":"https:\/\/tim-gmbh.de\/en\/wp-json\/wp\/v2\/media?parent=1029"}],"curies":[{"name":"wp","href":"https:\/\/api.w.org\/{rel}","templated":true}]}}